{"id":40,"date":"2026-03-23T11:35:04","date_gmt":"2026-03-23T10:35:04","guid":{"rendered":"https:\/\/konkursy.eter.org.pl\/?page_id=40"},"modified":"2026-04-17T11:29:23","modified_gmt":"2026-04-17T09:29:23","slug":"galeria-prac-konkursowych-konkursu-ilustracje-do-bajki-o-pszczolach-03-26r","status":"publish","type":"page","link":"https:\/\/konkursy.eter.org.pl\/?page_id=40","title":{"rendered":"Galeria konkursu: &#8222;Ilustracje do bajki o pszczo\u0142ach&#8221;"},"content":{"rendered":"\n<figure class=\"wp-block-image aligncenter size-large\"><img loading=\"lazy\" decoding=\"async\" width=\"1024\" height=\"82\" src=\"https:\/\/konkursy.eter.org.pl\/wp-content\/uploads\/2026\/03\/logo2-1024x82.jpg\" alt=\"\" class=\"wp-image-50\" srcset=\"https:\/\/konkursy.eter.org.pl\/wp-content\/uploads\/2026\/03\/logo2-1024x82.jpg 1024w, https:\/\/konkursy.eter.org.pl\/wp-content\/uploads\/2026\/03\/logo2-300x24.jpg 300w, https:\/\/konkursy.eter.org.pl\/wp-content\/uploads\/2026\/03\/logo2-768x62.jpg 768w, https:\/\/konkursy.eter.org.pl\/wp-content\/uploads\/2026\/03\/logo2-1536x123.jpg 1536w, https:\/\/konkursy.eter.org.pl\/wp-content\/uploads\/2026\/03\/logo2.jpg 1659w\" sizes=\"auto, (max-width: 1024px) 100vw, 1024px\" \/><\/figure>\n\n\n\n<h1 class=\"wp-block-heading has-text-align-center is-style-text-subtitle has-text-color has-background has-link-color has-large-font-size wp-elements-5e43fdc759d49a65fe15268aab94dd3a is-style-text-subtitle--1\" style=\"color:#11732d;background-color:#bfe889\"><strong>G\u0142osowanie zako\u0144czone: oficjalne wyniki na naszej stronie <\/strong><a href=\"https:\/\/eter.org.pl\/konkurs\/\">https:\/\/eter.org.pl\/konkurs\/<\/a><\/h1>\n\n\n<div class=\"sgdg-gallery-container\" data-sgdg-hash=\"dfb458957f9f642c873b08aeacfaa2772514743d86c020327338831611ac115a\"><div class=\"sgdg-loading\"><div><\/div><\/div><\/div>\n\n\n\n<p class=\"has-text-align-center is-style-text-annotation is-style-text-annotation--2\" style=\"font-size:clamp(0.929rem, 0.929rem + ((1vw - 0.2rem) * 0.739), 1.4rem);\"><strong>Mo\u017cesz odda\u0107 jeden g\u0142os na wybrany ZESTAW (podgl\u0105d po klikni\u0119ciu ) <mark style=\"background-color:rgba(0, 0, 0, 0);color:#35c52d\" class=\"has-inline-color\">ZAZNACZ  KROPK\u0118   (PONI\u017bEJ)  Z  NUMEREM WYBRANEGO  &#8222;ZESTAWU&#8221;  i  wci\u015bnij  &#8222;ZAG\u0141OSUJ&#8221;.<\/mark><\/strong><\/p>\n\n\n\n<p class=\"has-text-align-center has-text-color has-link-color has-small-font-size wp-elements-2458a855198cc1bd47576e8df2034843\" style=\"color:#ee1212\">**Osoby korzystaj\u0105ce ze wsp\u00f3lnego Wi-fi, musz\u0105 zmieni\u0107 po\u0142\u0105czenie z Internetem i urz\u0105dzenie &#8211; przyjmujemy jeden g\u0142os z jednego numeru IP.<\/p>\n\n\n<div class='bootstrap-yop yop-poll-mc'>\n\t\t\t\t\t\t\t<div class=\"yop-poll-container\" data-id=\"2\" data-ajax=\"1\" data-tid=\"\" data-pid=\"40\" data-show-results-only=\"false\"><\/div>\n\t\t\t\t\t\t<\/div>\n\n\n\n<p class=\"has-text-align-center has-text-color has-link-color has-medium-font-size wp-elements-d0f8cb8f682713aba27ef270925704dc\" style=\"color:#df1414\"><strong>Termin g\u0142osowania (z uwagi na utrudnienia techniczne) do 15.04.2026r &#8211; wyniki  widoczne b\u0119d\u0105 16.04.2026r<\/strong><\/p>\n\n\n\n<div data-wp-interactive=\"core\/file\" class=\"wp-block-file aligncenter has-accent-1-background-color has-background has-link-color wp-elements-be8077d8443505e592a634f7591754e8\" style=\"margin-right:var(--wp--preset--spacing--70);margin-left:var(--wp--preset--spacing--70)\"><object data-wp-bind--hidden=\"!state.hasPdfPreview\" hidden class=\"wp-block-file__embed\" data=\"https:\/\/konkursy.eter.org.pl\/wp-content\/uploads\/2026\/03\/Warsztaty-pszczelarskie-dla-dzieci.pdf\" type=\"application\/pdf\" style=\"width:100%;height:200px\" aria-label=\"Osadzony PDF\"><\/object><a href=\"https:\/\/konkursy.eter.org.pl\/wp-content\/uploads\/2026\/03\/Warsztaty-pszczelarskie-dla-dzieci.pdf\" class=\"wp-block-file__button wp-element-button\" download>Pobierz BAJK\u0118 i kart\u0119 pracy<\/a><\/div>\n\n\n\n<div style=\"height:40px\" aria-hidden=\"true\" class=\"wp-block-spacer\"><\/div>\n\n\n\n<figure class=\"wp-block-gallery alignfull has-nested-images columns-3 is-cropped wp-block-gallery-3 is-layout-flex wp-block-gallery-is-layout-flex\">\n<figure class=\"wp-block-image size-large\"><a href=\"https:\/\/nektarium.pl\/\" target=\"_blank\" rel=\" noreferrer noopener\"><img loading=\"lazy\" decoding=\"async\" width=\"945\" height=\"945\" data-id=\"67\" src=\"https:\/\/konkursy.eter.org.pl\/wp-content\/uploads\/2026\/03\/mr.webp\" alt=\"\" class=\"wp-image-67\" srcset=\"https:\/\/konkursy.eter.org.pl\/wp-content\/uploads\/2026\/03\/mr.webp 945w, https:\/\/konkursy.eter.org.pl\/wp-content\/uploads\/2026\/03\/mr-300x300.webp 300w, https:\/\/konkursy.eter.org.pl\/wp-content\/uploads\/2026\/03\/mr-150x150.webp 150w, https:\/\/konkursy.eter.org.pl\/wp-content\/uploads\/2026\/03\/mr-768x768.webp 768w\" sizes=\"auto, (max-width: 945px) 100vw, 945px\" \/><\/a><figcaption class=\"wp-element-caption\">SPRAWD\u0179  OFERT\u0118<\/figcaption><\/figure>\n\n\n\n<figure class=\"wp-block-image size-large\"><img loading=\"lazy\" decoding=\"async\" width=\"945\" height=\"945\" data-id=\"66\" src=\"https:\/\/konkursy.eter.org.pl\/wp-content\/uploads\/2026\/03\/wr.webp\" alt=\"\" class=\"wp-image-66\" srcset=\"https:\/\/konkursy.eter.org.pl\/wp-content\/uploads\/2026\/03\/wr.webp 945w, https:\/\/konkursy.eter.org.pl\/wp-content\/uploads\/2026\/03\/wr-300x300.webp 300w, https:\/\/konkursy.eter.org.pl\/wp-content\/uploads\/2026\/03\/wr-150x150.webp 150w, https:\/\/konkursy.eter.org.pl\/wp-content\/uploads\/2026\/03\/wr-768x768.webp 768w\" sizes=\"auto, (max-width: 945px) 100vw, 945px\" \/><figcaption class=\"wp-element-caption\"><a href=\"https:\/\/eter.org.pl\/warsztaty\/\" target=\"_blank\" rel=\"noreferrer noopener\">SPRAWD\u0179  OFERT\u0118<\/a><\/figcaption><\/figure>\n\n\n\n<figure class=\"wp-block-image size-large\"><img loading=\"lazy\" decoding=\"async\" width=\"945\" height=\"945\" data-id=\"69\" src=\"https:\/\/konkursy.eter.org.pl\/wp-content\/uploads\/2026\/03\/kurspr.webp\" alt=\"\" class=\"wp-image-69\" srcset=\"https:\/\/konkursy.eter.org.pl\/wp-content\/uploads\/2026\/03\/kurspr.webp 945w, https:\/\/konkursy.eter.org.pl\/wp-content\/uploads\/2026\/03\/kurspr-300x300.webp 300w, https:\/\/konkursy.eter.org.pl\/wp-content\/uploads\/2026\/03\/kurspr-150x150.webp 150w, https:\/\/konkursy.eter.org.pl\/wp-content\/uploads\/2026\/03\/kurspr-768x768.webp 768w\" sizes=\"auto, (max-width: 945px) 100vw, 945px\" \/><figcaption class=\"wp-element-caption\"><a href=\"https:\/\/kurspszczelarski.pl\/\" target=\"_blank\" rel=\"noreferrer noopener\">SPRAWD\u017b  OFERT\u0118<\/a><\/figcaption><\/figure>\n\n\n\n<figure class=\"wp-block-image size-large\"><img loading=\"lazy\" decoding=\"async\" width=\"945\" height=\"945\" data-id=\"68\" src=\"https:\/\/konkursy.eter.org.pl\/wp-content\/uploads\/2026\/03\/hmr.webp\" alt=\"\" class=\"wp-image-68\" srcset=\"https:\/\/konkursy.eter.org.pl\/wp-content\/uploads\/2026\/03\/hmr.webp 945w, https:\/\/konkursy.eter.org.pl\/wp-content\/uploads\/2026\/03\/hmr-300x300.webp 300w, https:\/\/konkursy.eter.org.pl\/wp-content\/uploads\/2026\/03\/hmr-150x150.webp 150w, https:\/\/konkursy.eter.org.pl\/wp-content\/uploads\/2026\/03\/hmr-768x768.webp 768w\" sizes=\"auto, (max-width: 945px) 100vw, 945px\" \/><figcaption class=\"wp-element-caption\"><a href=\"https:\/\/kurspszczelarski.pl\/kurs-hodowli-matek-pszczelich\/\" target=\"_blank\" rel=\"noreferrer noopener\">SPRAWD\u0179  OFERT\u0118<\/a><\/figcaption><\/figure>\n\n\n\n<figure class=\"wp-block-image size-full\"><img loading=\"lazy\" decoding=\"async\" width=\"1000\" height=\"1000\" data-id=\"84\" src=\"https:\/\/konkursy.eter.org.pl\/wp-content\/uploads\/2026\/03\/MASZ-JUZ-DOSC-1.webp\" alt=\"\" class=\"wp-image-84\" srcset=\"https:\/\/konkursy.eter.org.pl\/wp-content\/uploads\/2026\/03\/MASZ-JUZ-DOSC-1.webp 1000w, https:\/\/konkursy.eter.org.pl\/wp-content\/uploads\/2026\/03\/MASZ-JUZ-DOSC-1-300x300.webp 300w, https:\/\/konkursy.eter.org.pl\/wp-content\/uploads\/2026\/03\/MASZ-JUZ-DOSC-1-150x150.webp 150w, https:\/\/konkursy.eter.org.pl\/wp-content\/uploads\/2026\/03\/MASZ-JUZ-DOSC-1-768x768.webp 768w\" sizes=\"auto, (max-width: 1000px) 100vw, 1000px\" \/><figcaption class=\"wp-element-caption\"><a href=\"https:\/\/eter.org.pl\/s\/mapa-ukladu-nerwowego\/landing-page\/?op3_preview=1\" target=\"_blank\" rel=\"noreferrer noopener\">POBIERZ  GRATIS<\/a><\/figcaption><\/figure>\n<\/figure>\n\n\n\n<p><\/p>\n","protected":false},"excerpt":{"rendered":"<p>G\u0142osowanie zako\u0144czone: oficjalne wyniki na naszej stronie https:\/\/eter.org.pl\/konkurs\/ Mo\u017cesz odda\u0107 jeden g\u0142os na wybrany ZESTAW (podgl\u0105d po klikni\u0119ciu ) ZAZNACZ KROPK\u0118 (PONI\u017bEJ) Z NUMEREM WYBRANEGO &#8222;ZESTAWU&#8221; i wci\u015bnij &#8222;ZAG\u0141OSUJ&#8221;. **Osoby korzystaj\u0105ce ze wsp\u00f3lnego Wi-fi, musz\u0105 zmieni\u0107 po\u0142\u0105czenie z Internetem i urz\u0105dzenie &#8211; przyjmujemy jeden g\u0142os z jednego numeru IP. Termin g\u0142osowania (z uwagi na utrudnienia [&hellip;]<\/p>\n","protected":false},"author":1,"featured_media":0,"parent":0,"menu_order":0,"comment_status":"closed","ping_status":"closed","template":"","meta":{"footnotes":""},"class_list":["post-40","page","type-page","status-publish","hentry"],"_links":{"self":[{"href":"https:\/\/konkursy.eter.org.pl\/index.php?rest_route=\/wp\/v2\/pages\/40","targetHints":{"allow":["GET"]}}],"collection":[{"href":"https:\/\/konkursy.eter.org.pl\/index.php?rest_route=\/wp\/v2\/pages"}],"about":[{"href":"https:\/\/konkursy.eter.org.pl\/index.php?rest_route=\/wp\/v2\/types\/page"}],"author":[{"embeddable":true,"href":"https:\/\/konkursy.eter.org.pl\/index.php?rest_route=\/wp\/v2\/users\/1"}],"replies":[{"embeddable":true,"href":"https:\/\/konkursy.eter.org.pl\/index.php?rest_route=%2Fwp%2Fv2%2Fcomments&post=40"}],"version-history":[{"count":64,"href":"https:\/\/konkursy.eter.org.pl\/index.php?rest_route=\/wp\/v2\/pages\/40\/revisions"}],"predecessor-version":[{"id":142,"href":"https:\/\/konkursy.eter.org.pl\/index.php?rest_route=\/wp\/v2\/pages\/40\/revisions\/142"}],"wp:attachment":[{"href":"https:\/\/konkursy.eter.org.pl\/index.php?rest_route=%2Fwp%2Fv2%2Fmedia&parent=40"}],"curies":[{"name":"wp","href":"https:\/\/api.w.org\/{rel}","templated":true}]}}