{"id":38,"date":"2026-03-21T14:53:06","date_gmt":"2026-03-21T13:53:06","guid":{"rendered":"https:\/\/konkursy.eter.org.pl\/?page_id=38"},"modified":"2026-03-21T14:53:06","modified_gmt":"2026-03-21T13:53:06","slug":"wslij-pliki-na-konkurs","status":"publish","type":"page","link":"https:\/\/konkursy.eter.org.pl\/?page_id=38","title":{"rendered":"W\u015blij pliki na konkurs"},"content":{"rendered":"<div class=\"forminator-ui forminator-custom-form forminator-custom-form-17 forminator-design--default  forminator_ajax\" data-forminator-render=\"0\" data-form=\"forminator-module-17\" data-uid=\"69e4ebfb0c8fc\"><br\/><\/div><form\n\t\t\t\tid=\"forminator-module-17\"\n\t\t\t\tclass=\"forminator-ui forminator-custom-form forminator-custom-form-17 forminator-design--default  forminator_ajax\"\n\t\t\t\tmethod=\"post\"\n\t\t\t\tdata-forminator-render=\"0\"\n\t\t\t\tdata-form-id=\"17\"\n\t\t\t\tenctype=\"multipart\/form-data\" data-color-option=\"theme\" data-design=\"default\" data-grid=\"open\" style=\"display: none;\"\n\t\t\t\tdata-uid=\"69e4ebfb0c8fc\"\n\t\t\t><div role=\"alert\" aria-live=\"polite\" class=\"forminator-response-message forminator-error\" aria-hidden=\"true\"><\/div><div class=\"forminator-row\"><div id=\"checkbox-1\" class=\"forminator-field-checkbox forminator-col forminator-col-12 \"><div role=\"group\" class=\"forminator-field required\" aria-labelledby=\"forminator-checkbox-group-forminator-field-checkbox-1-69e4ebfb0c8fc-label\"><span id=\"forminator-checkbox-group-forminator-field-checkbox-1-69e4ebfb0c8fc-label\" class=\"forminator-label\">Regulamin Konkursu <span class=\"forminator-required\">*<\/span><\/span><label id=\"forminator-field-checkbox-1-1-69e4ebfb0c8fc-label\" for=\"forminator-field-checkbox-1-1-69e4ebfb0c8fc\" class=\"forminator-checkbox\" title=\"Akceptuj\u0119 regulamin konkursu i o\u015bwiadczam, \u017ce jestem autorem prac lub opiekunem autor\u00f3w.\"><input type=\"checkbox\" name=\"checkbox-1[]\" value=\"one\" id=\"forminator-field-checkbox-1-1-69e4ebfb0c8fc\" aria-labelledby=\"forminator-field-checkbox-1-1-69e4ebfb0c8fc-label\" data-calculation=\"0\"   data-hidden-behavior=\"zero\"\/><span class=\"forminator-checkbox-box\" aria-hidden=\"true\"><\/span><span class=\"forminator-checkbox-label\">Akceptuj\u0119 regulamin konkursu i o\u015bwiadczam, \u017ce jestem autorem prac lub opiekunem autor\u00f3w.<\/span><\/label><\/div><\/div><\/div><div class=\"forminator-row forminator-hidden\"><div id=\"hidden-1\" class=\"forminator-field-hidden  forminator-col-12 \"><input type=\"hidden\" id=\"hidden-1_69e4ebfb0c8fc\" name=\"hidden-1\" value=\"\" \/><\/div><\/div><div class=\"forminator-row\"><div id=\"upload-1\" class=\"forminator-field-upload forminator-col forminator-col-12 \"><div class=\"forminator-field\"><label for=\"forminator-field-upload-1_69e4ebfb0c8fc\" id=\"forminator-field-upload-1_69e4ebfb0c8fc-label\" class=\"forminator-label\">Wgraj plik <span class=\"forminator-required\">*<\/span><\/label><span id=\"forminator-field-upload-1_69e4ebfb0c8fc-description\" class=\"forminator-description\">po wgraniu pierwszego pliku mo\u017cesz wgrywa\u0107 nast\u0119pne jesli jest taka potrzeba<\/span><div class=\"forminator-multi-upload \" data-element=\"upload-1_69e4ebfb0c8fc\" aria-describedby=\"forminator-field-upload-1_69e4ebfb0c8fc-description\"><input type=\"file\" name=\"upload-1[]\" id=\"forminator-field-upload-1_69e4ebfb0c8fc\" class=\"forminator-input-file-required do-validate forminator-field-upload-1_69e4ebfb0c8fc-17\" multiple=\"multiple\" data-method=\"ajax\" data-size=\"5000000\" data-size-message=\"Maksymalny dozwolony rozmiar pliku wynosi 5 MB. \"><div class=\"forminator-multi-upload-message\" aria-hidden=\"true\"><span class=\"forminator-icon-upload\" aria-hidden=\"true\"><\/span><p>Przeci\u0105gnij i upu\u015b\u0107 (lub) <a class=\"forminator-upload-file--forminator-field-upload-1_69e4ebfb0c8fc\" href=\"#\" onclick=\"return false;\">Wybierz pliki<\/a><\/p><\/div><\/div><ul class=\"forminator-uploaded-files upload-container-upload-1_69e4ebfb0c8fc\"><\/ul><\/div><\/div><\/div><input type=\"hidden\" name=\"referer_url\" value=\"\" \/><div class=\"forminator-row forminator-row-last\"><div class=\"forminator-col\"><div class=\"forminator-field\"><button class=\"forminator-button forminator-button-submit\">Wy\u015blij<\/button><\/div><\/div><\/div><input type=\"hidden\" id=\"forminator_nonce\" name=\"forminator_nonce\" value=\"864e461270\" \/><input type=\"hidden\" name=\"_wp_http_referer\" value=\"\/index.php?rest_route=%2Fwp%2Fv2%2Fpages%2F38\" \/><input type=\"hidden\" name=\"form_id\" value=\"17\"><input type=\"hidden\" name=\"page_id\" value=\"38\"><input type=\"hidden\" name=\"form_type\" value=\"default\"><input type=\"hidden\" name=\"current_url\" value=\"https:\/\/konkursy.eter.org.pl\/?page_id=38\"><input type=\"hidden\" name=\"render_id\" value=\"0\"><input type=\"hidden\" name=\"forminator-multifile-hidden\" class=\"forminator-multifile-hidden\"><input type=\"hidden\" name=\"action\" value=\"forminator_submit_form_custom-forms\"><\/form>\n","protected":false},"excerpt":{"rendered":"","protected":false},"author":1,"featured_media":0,"parent":0,"menu_order":0,"comment_status":"closed","ping_status":"closed","template":"","meta":{"footnotes":""},"class_list":["post-38","page","type-page","status-publish","hentry"],"_links":{"self":[{"href":"https:\/\/konkursy.eter.org.pl\/index.php?rest_route=\/wp\/v2\/pages\/38","targetHints":{"allow":["GET"]}}],"collection":[{"href":"https:\/\/konkursy.eter.org.pl\/index.php?rest_route=\/wp\/v2\/pages"}],"about":[{"href":"https:\/\/konkursy.eter.org.pl\/index.php?rest_route=\/wp\/v2\/types\/page"}],"author":[{"embeddable":true,"href":"https:\/\/konkursy.eter.org.pl\/index.php?rest_route=\/wp\/v2\/users\/1"}],"replies":[{"embeddable":true,"href":"https:\/\/konkursy.eter.org.pl\/index.php?rest_route=%2Fwp%2Fv2%2Fcomments&post=38"}],"version-history":[{"count":1,"href":"https:\/\/konkursy.eter.org.pl\/index.php?rest_route=\/wp\/v2\/pages\/38\/revisions"}],"predecessor-version":[{"id":39,"href":"https:\/\/konkursy.eter.org.pl\/index.php?rest_route=\/wp\/v2\/pages\/38\/revisions\/39"}],"wp:attachment":[{"href":"https:\/\/konkursy.eter.org.pl\/index.php?rest_route=%2Fwp%2Fv2%2Fmedia&parent=38"}],"curies":[{"name":"wp","href":"https:\/\/api.w.org\/{rel}","templated":true}]}}